{"id":5629,"date":"2020-03-24T14:47:30","date_gmt":"2020-03-24T12:47:30","guid":{"rendered":"https:\/\/www.agoma.lt\/produkcija\/bez-kategorii\/szybkozlacza-do-powietrza-euro-standard"},"modified":"2021-02-04T11:58:53","modified_gmt":"2021-02-04T09:58:53","slug":"szybkozlacza-do-powietrza-euro-standard","status":"publish","type":"product","link":"https:\/\/www.agoma.lt\/pl\/produkcija\/zlacza\/szybkozlacza-do-powietrza-euro-standard","title":{"rendered":"Szybkoz\u0142\u0105cza do powietrza EURO STANDARD DN 7,2"},"content":{"rendered":"<p><span style=\"color: #000000;\"><a style=\"color: #000000;\" href=\"https:\/\/www.agoma.lt\/wp-content\/uploads\/2020\/10\/szybkozlacza_do_powietrza_couplings_euro_standart.pdf\" target=\"_blank\" rel=\"dofollow\"><strong>Zastosowanie:<\/strong> W ofercie posiadamy szybkoz\u0142\u0105czki mosi\u0119\u017cne przeznaczone do spr\u0119\u017conego powietrza. Z\u0142\u0105czki mosi\u0119\u017cne pneumatyczne s\u0142u\u017c\u0105 do szybkiego przy\u0142\u0105czania w\u0119\u017cy pneumatycznych. \u015awietnie nadaj\u0105 si\u0119 do monta\u017cu w\u0119\u017ca z urz\u0105dzeniami \/ narz\u0119dziami pneumatycznymi w warsztatach samochodowych lub innych stanowiskach pracy, w kt\u00f3rych niezb\u0119dne jest u\u017cycie spr\u0119\u017conego powietrza.<br \/>\n<strong>Materia\u0142:<\/strong> Mosi\u0105dz.<br \/>\n<strong>Ci\u015bnienie robocze:<\/strong> 35 bar<\/a><\/span><\/p>\n<p><span style=\"color: #3366ff;\"><a style=\"color: #3366ff;\" href=\"https:\/\/www.agoma.lt\/wp-content\/uploads\/2020\/10\/szybkozlacza_do_powietrza_couplings_euro_standart.pdf\" target=\"_blank\" rel=\"dofollow\">Szybkoz\u0142\u0105cza do powietrza EURO STANDARD DN 7,2<\/a><\/span><\/p>\n<p><span style=\"color: #3366ff;\"><a style=\"color: #3366ff;\" href=\"https:\/\/www.agoma.lt\/wp-content\/uploads\/2020\/12\/katalog_produktow_weze_gumowe_pcv_pu_agoma.pdf\" target=\"_blank\" rel=\"dofollow\">Katalog produkt\u00f3w<\/a><\/span> (w\u0119\u017ce gumowe, PCV i PU, kompozytowe, obejmy, z\u0142\u0105cza, p\u0142yty gumowe, poliamidy)<\/p>\n","protected":false},"excerpt":{"rendered":"<p>Zastosowanie: W ofercie posiadamy szybkoz\u0142\u0105czki mosi\u0119\u017cne przeznaczone do spr\u0119\u017conego powietrza. Z\u0142\u0105czki mosi\u0119\u017cne pneumatyczne s\u0142u\u017c\u0105 do szybkiego przy\u0142\u0105czania w\u0119\u017cy pneumatycznych. \u015awietnie nadaj\u0105 si\u0119 do monta\u017cu w\u0119\u017ca z urz\u0105dzeniami \/ narz\u0119dziami pneumatycznymi w warsztatach samochodowych lub innych stanowiskach pracy, w kt\u00f3rych niezb\u0119dne jest u\u017cycie spr\u0119\u017conego powietrza. Materia\u0142: Mosi\u0105dz. Ci\u015bnienie robocze: 35 bar Szybkoz\u0142\u0105cza do powietrza EURO STANDARD [&hellip;]<\/p>\n","protected":false},"featured_media":3141,"template":"","meta":[],"product_brand":[],"product_cat":[223],"product_tag":[],"class_list":{"0":"post-5629","1":"product","2":"type-product","3":"status-publish","4":"has-post-thumbnail","6":"product_cat-zlacza","8":"first","9":"instock","10":"shipping-taxable","11":"product-type-simple"},"_links":{"self":[{"href":"https:\/\/www.agoma.lt\/pl\/wp-json\/wp\/v2\/product\/5629","targetHints":{"allow":["GET"]}}],"collection":[{"href":"https:\/\/www.agoma.lt\/pl\/wp-json\/wp\/v2\/product"}],"about":[{"href":"https:\/\/www.agoma.lt\/pl\/wp-json\/wp\/v2\/types\/product"}],"wp:featuredmedia":[{"embeddable":true,"href":"https:\/\/www.agoma.lt\/pl\/wp-json\/wp\/v2\/media\/3141"}],"wp:attachment":[{"href":"https:\/\/www.agoma.lt\/pl\/wp-json\/wp\/v2\/media?parent=5629"}],"wp:term":[{"taxonomy":"product_brand","embeddable":true,"href":"https:\/\/www.agoma.lt\/pl\/wp-json\/wp\/v2\/product_brand?post=5629"},{"taxonomy":"product_cat","embeddable":true,"href":"https:\/\/www.agoma.lt\/pl\/wp-json\/wp\/v2\/product_cat?post=5629"},{"taxonomy":"product_tag","embeddable":true,"href":"https:\/\/www.agoma.lt\/pl\/wp-json\/wp\/v2\/product_tag?post=5629"}],"curies":[{"name":"wp","href":"https:\/\/api.w.org\/{rel}","templated":true}]}}