{"id":5472,"date":"2020-05-30T13:52:08","date_gmt":"2020-05-30T10:52:08","guid":{"rendered":"https:\/\/www.agoma.lt\/produkcija\/bez-kategorii\/plyty_gumowe_sbr"},"modified":"2021-02-02T23:12:14","modified_gmt":"2021-02-02T21:12:14","slug":"plyty-gumowe-sbr","status":"publish","type":"product","link":"https:\/\/www.agoma.lt\/pl\/produkcija\/plyty-gumowe\/plyty-gumowe-sbr","title":{"rendered":"P\u0142yty gumowe SBR"},"content":{"rendered":"<p><span style=\"color: #000000;\"><a style=\"color: #000000;\" href=\"https:\/\/www.agoma.lt\/wp-content\/uploads\/2020\/10\/plyty_gumowe_sbr_rubber_sheet.pdf\" target=\"_blank\" rel=\"dofollow\"><strong>Zastosowanie:<\/strong> P\u0142yty gumowe SBR og\u00f3lnego przeznaczenia. Mog\u0105 by\u0107 stosowane w r\u00f3\u017cnych ga\u0142\u0119ziach przemys\u0142u, g\u0142\u00f3wnie do wyrobu podk\u0142adek i uszczelek pracuj\u0105cych statycznie w stanie nie rozci\u0105gni\u0119tym.<br \/>\n<strong>Informacje dodatkowe:<\/strong> Przeznaczone s\u0105 do pracy w powietrzu, w \u015brodowisku wodnym oboj\u0119tnym chemicznie.<\/a><\/span><\/p>\n<p><span style=\"color: #000000;\"><a style=\"color: #000000;\" href=\"https:\/\/www.agoma.lt\/wp-content\/uploads\/2020\/10\/plyty_gumowe_sbr_rubber_sheet.pdf\" target=\"_blank\" rel=\"dofollow\"><strong>Producent: UE<\/strong><br \/>\nTemperatura robocza: -30\u00b0C\/+70\u00b0C<br \/>\nTwardo\u015b\u0107: 65 \u00b0Sh A (+-5)<br \/>\nG\u0119sto\u015b\u0107: 1,60 &#8211; 1,65 g\/cm\u00b3<br \/>\nWyd\u0142u\u017cenie wzgl\u0119dne: 100-150 %<br \/>\nWytrzyma\u0142o\u015b\u0107 na rozci\u0105ganie: 2 MPa<br \/>\nGrubo\u015b\u0107*: 1- 50 mm<br \/>\nRolka\/arkusz: 1,2 x 5\/10 m<br \/>\n* wielko\u015b\u0107 arkusza (grubo\u015b\u0107 &gt; 15 mm): 1 x 1 m<\/a><\/span><\/p>\n<p><span style=\"color: #000000;\"><a style=\"color: #000000;\" href=\"https:\/\/www.agoma.lt\/wp-content\/uploads\/2020\/10\/plyty_gumowe_sbr_rubber_sheet.pdf\" target=\"_blank\" rel=\"dofollow\"><strong>Producent: Chiny<\/strong><br \/>\nTemperatura robocza: -20\u00b0C\/+80\u00b0C<br \/>\nTwardo\u015b\u0107: 65 \u00b0Sh A (+-5)<br \/>\nG\u0119sto\u015b\u0107: 1,60 g\/cm\u00b3<br \/>\nWyd\u0142u\u017cenie wzgl\u0119dne: 150 %<br \/>\nWytrzyma\u0142o\u015b\u0107 na rozci\u0105ganie: 3 Mpa<br \/>\nGrubo\u015b\u0107*: 1-50 mm<br \/>\nRolka\/arkusz: 1,2 x 5\/10 m<br \/>\n* wielko\u015b\u0107 arkusza (grubo\u015b\u0107 &gt; 15 mm): 1 x 1 m<\/a><\/span><\/p>\n<p><span style=\"color: #3366ff;\"><a style=\"color: #3366ff;\" href=\"https:\/\/www.agoma.lt\/wp-content\/uploads\/2020\/10\/plyty_gumowe_sbr_rubber_sheet.pdf\" target=\"_blank\" rel=\"dofollow\">P\u0142yty gumowe SBR<\/a><\/span><\/p>\n<p><a href=\"https:\/\/www.agoma.lt\/wp-content\/uploads\/2020\/12\/katalog_produktow_weze_gumowe_pcv_pu_agoma.pdf\" target=\"_blank\" rel=\"dofollow\"><span style=\"color: #3366ff;\">Katalog produkt\u00f3w<\/span><\/a> (w\u0119\u017ce gumowe, PCV i PU, kompozytowe, obejmy, z\u0142\u0105cza, p\u0142yty gumowe, poliamidy)<\/p>\n","protected":false},"excerpt":{"rendered":"<p>Zastosowanie: P\u0142yty gumowe SBR og\u00f3lnego przeznaczenia. Mog\u0105 by\u0107 stosowane w r\u00f3\u017cnych ga\u0142\u0119ziach przemys\u0142u, g\u0142\u00f3wnie do wyrobu podk\u0142adek i uszczelek pracuj\u0105cych statycznie w stanie nie rozci\u0105gni\u0119tym. Informacje dodatkowe: Przeznaczone s\u0105 do pracy w powietrzu, w \u015brodowisku wodnym oboj\u0119tnym chemicznie. Producent: UE Temperatura robocza: -30\u00b0C\/+70\u00b0C Twardo\u015b\u0107: 65 \u00b0Sh A (+-5) G\u0119sto\u015b\u0107: 1,60 &#8211; 1,65 g\/cm\u00b3 Wyd\u0142u\u017cenie wzgl\u0119dne: [&hellip;]<\/p>\n","protected":false},"featured_media":3009,"template":"","meta":[],"product_brand":[],"product_cat":[224],"product_tag":[],"class_list":{"0":"post-5472","1":"product","2":"type-product","3":"status-publish","4":"has-post-thumbnail","6":"product_cat-plyty-gumowe","8":"first","9":"instock","10":"shipping-taxable","11":"product-type-simple"},"_links":{"self":[{"href":"https:\/\/www.agoma.lt\/pl\/wp-json\/wp\/v2\/product\/5472","targetHints":{"allow":["GET"]}}],"collection":[{"href":"https:\/\/www.agoma.lt\/pl\/wp-json\/wp\/v2\/product"}],"about":[{"href":"https:\/\/www.agoma.lt\/pl\/wp-json\/wp\/v2\/types\/product"}],"wp:featuredmedia":[{"embeddable":true,"href":"https:\/\/www.agoma.lt\/pl\/wp-json\/wp\/v2\/media\/3009"}],"wp:attachment":[{"href":"https:\/\/www.agoma.lt\/pl\/wp-json\/wp\/v2\/media?parent=5472"}],"wp:term":[{"taxonomy":"product_brand","embeddable":true,"href":"https:\/\/www.agoma.lt\/pl\/wp-json\/wp\/v2\/product_brand?post=5472"},{"taxonomy":"product_cat","embeddable":true,"href":"https:\/\/www.agoma.lt\/pl\/wp-json\/wp\/v2\/product_cat?post=5472"},{"taxonomy":"product_tag","embeddable":true,"href":"https:\/\/www.agoma.lt\/pl\/wp-json\/wp\/v2\/product_tag?post=5472"}],"curies":[{"name":"wp","href":"https:\/\/api.w.org\/{rel}","templated":true}]}}