{"id":5470,"date":"2020-05-25T13:56:27","date_gmt":"2020-05-25T10:56:27","guid":{"rendered":"https:\/\/www.agoma.lt\/produkcija\/bez-kategorii\/plyty_gumowe_epdm"},"modified":"2021-02-02T23:51:17","modified_gmt":"2021-02-02T21:51:17","slug":"plyty-gumowe-epdm","status":"publish","type":"product","link":"https:\/\/www.agoma.lt\/pl\/produkcija\/plyty-gumowe\/plyty-gumowe-epdm","title":{"rendered":"P\u0142yty gumowe EPDM"},"content":{"rendered":"<p><a href=\"https:\/\/www.agoma.lt\/wp-content\/uploads\/2020\/10\/plyty_gumowe_epdm_guma_rubber_sheet.pdf\" target=\"_blank\" rel=\"dofollow\"><span style=\"color: #000000;\"><strong>Zastosowanie:<\/strong> P\u0142yty gumowe EPDM og\u00f3lnego przeznaczenia. Mog\u0105 by\u0107 stosowane w r\u00f3\u017cnych ga\u0142\u0119ziach przemys\u0142u, g\u0142\u00f3wnie do wyrobu podk\u0142adek i uszczelek pracuj\u0105cych statycznie w stanie nie rozci\u0105gni\u0119tym.<br \/>\n<strong>Informacje dodatkowe:<\/strong> Odporna na dzia\u0142anie warunk\u00f3w atmosferycznych, na ozon, wod\u0119 (zimn\u0105 i gor\u0105c\u0105), lekkie kwasy i zasady, wysok\u0105 temperatur\u0119.<\/span><\/a><\/p>\n<p><span style=\"color: #000000;\"><a style=\"color: #000000;\" href=\"https:\/\/www.agoma.lt\/wp-content\/uploads\/2020\/10\/plyty_gumowe_epdm_guma_rubber_sheet.pdf\" target=\"_blank\" rel=\"dofollow\"><strong>Producent: UE<\/strong><\/a><\/span><br \/>\n<span style=\"color: #000000;\">Temperatura robocza: -40\u00b0C\/+120\u00b0C<\/span><br \/>\n<span style=\"color: #000000;\"><a style=\"color: #000000;\" href=\"https:\/\/www.agoma.lt\/wp-content\/uploads\/2020\/10\/plyty_gumowe_epdm_guma_rubber_sheet.pdf\" target=\"_blank\" rel=\"dofollow\">Twardo\u015b\u0107: 60 \u00b0Sh A (+-5)<\/a><\/span><br \/>\n<span style=\"color: #000000;\">G\u0119sto\u015b\u0107: 1,25-1,40 g\/cm\u00b3<\/span><br \/>\n<span style=\"color: #000000;\"><a style=\"color: #000000;\" href=\"https:\/\/www.agoma.lt\/wp-content\/uploads\/2020\/10\/plyty_gumowe_epdm_guma_rubber_sheet.pdf\" target=\"_blank\" rel=\"dofollow\">Wyd\u0142u\u017cenie wzgl\u0119dne: 200-300 %<\/a><\/span><br \/>\n<span style=\"color: #000000;\">Wytrzyma\u0142o\u015b\u0107 na rozci\u0105ganie: 4-5 MPa<\/span><br \/>\n<span style=\"color: #000000;\">Grubo\u015b\u0107*: 1- 50 mm<\/span><br \/>\n<span style=\"color: #000000;\">Liczba Przek\u0142adek: 0; 1; 2<\/span><br \/>\n<span style=\"color: #000000;\"><a style=\"color: #000000;\" href=\"https:\/\/www.agoma.lt\/wp-content\/uploads\/2020\/10\/plyty_gumowe_epdm_guma_rubber_sheet.pdf\" target=\"_blank\" rel=\"dofollow\">Rolka\/arkusz: 1,2 x 5\/10 m<\/a><\/span><br \/>\n<span style=\"color: #000000;\">* wielko\u015b\u0107 arkusza (grubo\u015b\u0107 &gt; 15 mm): 1 x 1 m\u00a0<\/span><\/p>\n<p><span style=\"color: #000000;\"><a style=\"color: #000000;\" href=\"https:\/\/www.agoma.lt\/wp-content\/uploads\/2020\/10\/plyty_gumowe_epdm_guma_rubber_sheet.pdf\" target=\"_blank\" rel=\"dofollow\"><strong>Producent: Chiny<\/strong><\/a><\/span><br \/>\n<span style=\"color: #000000;\">Temperatura robocza: -30\u00b0C\/+95\u00b0C<\/span><br \/>\n<span style=\"color: #000000;\"><a style=\"color: #000000;\" href=\"https:\/\/www.agoma.lt\/wp-content\/uploads\/2020\/10\/plyty_gumowe_epdm_guma_rubber_sheet.pdf\" target=\"_blank\" rel=\"dofollow\">Twardo\u015b\u0107: 60 \u00b0Sh A (+-5)<\/a><\/span><br \/>\n<span style=\"color: #000000;\">G\u0119sto\u015b\u0107: 1,5 g\/cm\u00b3<\/span><br \/>\n<span style=\"color: #000000;\">Wyd\u0142u\u017cenie wzgl\u0119dne: 250 %<\/span><br \/>\n<span style=\"color: #000000;\"><a style=\"color: #000000;\" href=\"https:\/\/www.agoma.lt\/wp-content\/uploads\/2020\/10\/plyty_gumowe_epdm_guma_rubber_sheet.pdf\" target=\"_blank\" rel=\"dofollow\">Wytrzyma\u0142o\u015b\u0107 na rozci\u0105ganie: 5 MPa<\/a><\/span><br \/>\n<span style=\"color: #000000;\">Grubo\u015b\u0107*: 1; 2; 3; 4; 5; 6; 8; 10 mm<\/span><br \/>\n<span style=\"color: #000000;\">Liczba Przek\u0142adek: 0\u00a0<\/span><br \/>\n<span style=\"color: #000000;\"><a style=\"color: #000000;\" href=\"https:\/\/www.agoma.lt\/wp-content\/uploads\/2020\/10\/plyty_gumowe_epdm_guma_rubber_sheet.pdf\" target=\"_blank\" rel=\"dofollow\">Rolka\/arkusz: 1,2 x 5\/10 m<\/a><\/span><br \/>\n* wielko\u015b\u0107 arkusza (grubo\u015b\u0107 &gt; 15 mm): 1 x 1 m<\/p>\n<p><a href=\"https:\/\/www.agoma.lt\/wp-content\/uploads\/2020\/10\/plyty_gumowe_epdm_guma_rubber_sheet.pdf\" target=\"_blank\" rel=\"dofollow\"><span style=\"color: #3366ff;\">P\u0142yty gumowe EPDM<\/span><\/a><\/p>\n<p><span style=\"color: #3366ff;\"><a style=\"color: #3366ff;\" href=\"https:\/\/www.agoma.lt\/wp-content\/uploads\/2020\/12\/katalog_produktow_weze_gumowe_pcv_pu_agoma.pdf\" target=\"_blank\" rel=\"dofollow\">Katalog produkt\u00f3w<\/a><\/span> (w\u0119\u017ce gumowe, PCV i PU, kompozytowe, obejmy, z\u0142\u0105cza, p\u0142yty gumowe, poliamidy)<\/p>\n","protected":false},"excerpt":{"rendered":"<p>Zastosowanie: P\u0142yty gumowe EPDM og\u00f3lnego przeznaczenia. Mog\u0105 by\u0107 stosowane w r\u00f3\u017cnych ga\u0142\u0119ziach przemys\u0142u, g\u0142\u00f3wnie do wyrobu podk\u0142adek i uszczelek pracuj\u0105cych statycznie w stanie nie rozci\u0105gni\u0119tym. Informacje dodatkowe: Odporna na dzia\u0142anie warunk\u00f3w atmosferycznych, na ozon, wod\u0119 (zimn\u0105 i gor\u0105c\u0105), lekkie kwasy i zasady, wysok\u0105 temperatur\u0119. Producent: UE Temperatura robocza: -40\u00b0C\/+120\u00b0C Twardo\u015b\u0107: 60 \u00b0Sh A (+-5) G\u0119sto\u015b\u0107: [&hellip;]<\/p>\n","protected":false},"featured_media":2993,"template":"","meta":[],"product_brand":[],"product_cat":[224],"product_tag":[],"class_list":{"0":"post-5470","1":"product","2":"type-product","3":"status-publish","4":"has-post-thumbnail","6":"product_cat-plyty-gumowe","8":"first","9":"instock","10":"shipping-taxable","11":"product-type-simple"},"_links":{"self":[{"href":"https:\/\/www.agoma.lt\/pl\/wp-json\/wp\/v2\/product\/5470","targetHints":{"allow":["GET"]}}],"collection":[{"href":"https:\/\/www.agoma.lt\/pl\/wp-json\/wp\/v2\/product"}],"about":[{"href":"https:\/\/www.agoma.lt\/pl\/wp-json\/wp\/v2\/types\/product"}],"wp:featuredmedia":[{"embeddable":true,"href":"https:\/\/www.agoma.lt\/pl\/wp-json\/wp\/v2\/media\/2993"}],"wp:attachment":[{"href":"https:\/\/www.agoma.lt\/pl\/wp-json\/wp\/v2\/media?parent=5470"}],"wp:term":[{"taxonomy":"product_brand","embeddable":true,"href":"https:\/\/www.agoma.lt\/pl\/wp-json\/wp\/v2\/product_brand?post=5470"},{"taxonomy":"product_cat","embeddable":true,"href":"https:\/\/www.agoma.lt\/pl\/wp-json\/wp\/v2\/product_cat?post=5470"},{"taxonomy":"product_tag","embeddable":true,"href":"https:\/\/www.agoma.lt\/pl\/wp-json\/wp\/v2\/product_tag?post=5470"}],"curies":[{"name":"wp","href":"https:\/\/api.w.org\/{rel}","templated":true}]}}