{"id":5469,"date":"2020-05-18T14:00:17","date_gmt":"2020-05-18T11:00:17","guid":{"rendered":"https:\/\/www.agoma.lt\/produkcija\/bez-kategorii\/plyty_gumowe_nr"},"modified":"2021-02-03T08:24:35","modified_gmt":"2021-02-03T06:24:35","slug":"plyty-gumowe-naturalna","status":"publish","type":"product","link":"https:\/\/www.agoma.lt\/pl\/produkcija\/plyty-gumowe\/plyty-gumowe-naturalna","title":{"rendered":"P\u0142yty gumowe NR"},"content":{"rendered":"<p><span style=\"color: #000000;\"><a style=\"color: #000000;\" href=\"https:\/\/www.agoma.lt\/wp-content\/uploads\/2020\/10\/plyty_gumowe_nr_natural_rubber_sheet.pdf\" target=\"_blank\" rel=\"dofollow\"><strong>Zastosowanie:<\/strong> P\u0142yty gumowe NR (naturalna) idealne do kontaktu z \u017cywno\u015bci\u0105. Przeznaczone do stosowania w przemy\u015ble mleczarskim, piwowarskim, mi\u0119snym, drobiarskim i rybnym oraz do kr\u00f3tkotrwa\u0142ego kontaktu z produktami spo\u017cywczymi w przemy\u015ble owocowo-warzywnym oraz w wytw\u00f3rniach octu i musztardy.<br \/>\n<strong>Informacje dodatkowe:<\/strong> Wysok\u0105 wytrzyma\u0142o\u015bci\u0105 na rozci\u0105ganie oraz dobr\u0105 elastyczno\u015bci\u0105, wytrzyma\u0142o\u015bci\u0105 na \u015bcieranie.<br \/>\n<strong>Producent:<\/strong> UE<br \/>\n<strong>Temperatura robocza:<\/strong> -40\u00b0C\/+70\u00b0C<br \/>\n<strong>Twardo\u015b\u0107:<\/strong> 60 \u00b0Sh A (+-5)<br \/>\n<strong>G\u0119sto\u015b\u0107:<\/strong> 1,50 g\/cm\u00b3<br \/>\n<strong>Wyd\u0142u\u017cenie wzgl\u0119dne:<\/strong> 300 \u2013 400 %<br \/>\n<strong>Wytrzyma\u0142o\u015b\u0107 na rozci\u0105ganie:<\/strong> 5 &#8211; 8 MPa<br \/>\n<strong>Liczba przek\u0142adek:<\/strong> 0; 1; 2<br \/>\n<strong>Grubo\u015b\u0107*:<\/strong> 1 &#8211; 50 mm<br \/>\n<strong>Rolka\/arkusz:<\/strong> 1,2 x 5\/10 m<br \/>\n* wielko\u015b\u0107 arkusza (grubo\u015b\u0107 &gt; 15 mm): 1 x 1 m\u00a0<\/a><\/span><\/p>\n<p><a href=\"https:\/\/www.agoma.lt\/wp-content\/uploads\/2020\/10\/plyty_gumowe_nr_natural_rubber_sheet.pdf\" target=\"_blank\" rel=\"dofollow\"><span style=\"color: #3366ff;\">P\u0142yty gumowe NR (naturalna)<\/span><\/a><\/p>\n<p><span style=\"color: #3366ff;\"><a style=\"color: #3366ff;\" href=\"https:\/\/www.agoma.lt\/wp-content\/uploads\/2020\/12\/katalog_produktow_weze_gumowe_pcv_pu_agoma.pdf\" target=\"_blank\" rel=\"dofollow\">Katalog produkt\u00f3w<\/a><\/span> (w\u0119\u017ce gumowe, PCV i PU, kompozytowe, obejmy, z\u0142\u0105cza, p\u0142yty gumowe, poliamidy)<\/p>\n","protected":false},"excerpt":{"rendered":"<p>Zastosowanie: P\u0142yty gumowe NR (naturalna) idealne do kontaktu z \u017cywno\u015bci\u0105. Przeznaczone do stosowania w przemy\u015ble mleczarskim, piwowarskim, mi\u0119snym, drobiarskim i rybnym oraz do kr\u00f3tkotrwa\u0142ego kontaktu z produktami spo\u017cywczymi w przemy\u015ble owocowo-warzywnym oraz w wytw\u00f3rniach octu i musztardy. Informacje dodatkowe: Wysok\u0105 wytrzyma\u0142o\u015bci\u0105 na rozci\u0105ganie oraz dobr\u0105 elastyczno\u015bci\u0105, wytrzyma\u0142o\u015bci\u0105 na \u015bcieranie. Producent: UE Temperatura robocza: -40\u00b0C\/+70\u00b0C Twardo\u015b\u0107: [&hellip;]<\/p>\n","protected":false},"featured_media":3197,"template":"","meta":[],"product_brand":[],"product_cat":[224],"product_tag":[],"class_list":{"0":"post-5469","1":"product","2":"type-product","3":"status-publish","4":"has-post-thumbnail","6":"product_cat-plyty-gumowe","8":"first","9":"instock","10":"shipping-taxable","11":"product-type-simple"},"_links":{"self":[{"href":"https:\/\/www.agoma.lt\/pl\/wp-json\/wp\/v2\/product\/5469","targetHints":{"allow":["GET"]}}],"collection":[{"href":"https:\/\/www.agoma.lt\/pl\/wp-json\/wp\/v2\/product"}],"about":[{"href":"https:\/\/www.agoma.lt\/pl\/wp-json\/wp\/v2\/types\/product"}],"wp:featuredmedia":[{"embeddable":true,"href":"https:\/\/www.agoma.lt\/pl\/wp-json\/wp\/v2\/media\/3197"}],"wp:attachment":[{"href":"https:\/\/www.agoma.lt\/pl\/wp-json\/wp\/v2\/media?parent=5469"}],"wp:term":[{"taxonomy":"product_brand","embeddable":true,"href":"https:\/\/www.agoma.lt\/pl\/wp-json\/wp\/v2\/product_brand?post=5469"},{"taxonomy":"product_cat","embeddable":true,"href":"https:\/\/www.agoma.lt\/pl\/wp-json\/wp\/v2\/product_cat?post=5469"},{"taxonomy":"product_tag","embeddable":true,"href":"https:\/\/www.agoma.lt\/pl\/wp-json\/wp\/v2\/product_tag?post=5469"}],"curies":[{"name":"wp","href":"https:\/\/api.w.org\/{rel}","templated":true}]}}