{"id":5465,"date":"2020-05-08T14:09:24","date_gmt":"2020-05-08T11:09:24","guid":{"rendered":"https:\/\/www.agoma.lt\/produkcija\/bez-kategorii\/plyty_gumowe_porowate_2x1"},"modified":"2021-02-03T09:00:24","modified_gmt":"2021-02-03T07:00:24","slug":"plyty-gumowe-porowate-2x1","status":"publish","type":"product","link":"https:\/\/www.agoma.lt\/pl\/produkcija\/plyty-gumowe\/plyty-gumowe-porowate-2x1","title":{"rendered":"P\u0142yty gumowe porowate (2 x 1 m)"},"content":{"rendered":"<p><span style=\"color: #000000;\"><a style=\"color: #000000;\" href=\"https:\/\/www.agoma.lt\/wp-content\/uploads\/2020\/10\/plyty_gumowe_porowate_foam_sponge_rubber_epdm.pdf\" target=\"_blank\" rel=\"dofollow\"><strong>Zastosowanie:<\/strong> P\u0142yty z gumy porowatej s\u0105 stosowane g\u0142\u00f3wnie jako elementy amortyzuj\u0105ce, izolacyjne i uszczelniaj\u0105ce.<br \/>\n<strong>Informacje dodatkowe:<\/strong> Charakteryzuje si\u0119 dobr\u0105 odporno\u015bci\u0105 na dzia\u0142anie warunk\u00f3w atmosferycznych, promieniowania UV, tlenu.<br \/>\n<strong>Temperatura robocza:<\/strong> -40\u00b0C\/+90\u00b0C<br \/>\n<strong>G\u0119sto\u015b\u0107:<\/strong> 120 \u00b1 15 kg\/m\u00b3<br \/>\n<strong>Wyd\u0142u\u017cenie wzgl\u0119dne:<\/strong> &gt; 120 %<br \/>\n<strong>Wytrzyma\u0142o\u015b\u0107 na rozci\u0105ganie:<\/strong> 500 KN<br \/>\n<strong>Odporno\u015b\u0107 na absorpcj\u0119 wody:<\/strong> &lt; 3 % &lt; 10 %<br \/>\n<strong>Arkusz:<\/strong> 2000 x 1000 mm <\/a><\/span><\/p>\n<p><span style=\"color: #3366ff;\"><a style=\"color: #3366ff;\" href=\"https:\/\/www.agoma.lt\/wp-content\/uploads\/2020\/10\/plyty_gumowe_porowate_foam_sponge_rubber_epdm.pdf\" target=\"_blank\" rel=\"dofollow\">P\u0142yty gumowe porowate (2 x 1 m)<\/a><\/span><\/p>\n<p><a href=\"https:\/\/www.agoma.lt\/wp-content\/uploads\/2020\/12\/katalog_produktow_weze_gumowe_pcv_pu_agoma.pdf\" target=\"_blank\" rel=\"dofollow\"><span style=\"color: #3366ff;\">Katalog produkt\u00f3w<\/span> <\/a>(w\u0119\u017ce gumowe, PCV i PU, kompozytowe, obejmy, z\u0142\u0105cza, p\u0142yty gumowe, poliamidy)<\/p>\n<p>&nbsp;<\/p>\n","protected":false},"excerpt":{"rendered":"<p>Zastosowanie: P\u0142yty z gumy porowatej s\u0105 stosowane g\u0142\u00f3wnie jako elementy amortyzuj\u0105ce, izolacyjne i uszczelniaj\u0105ce. Informacje dodatkowe: Charakteryzuje si\u0119 dobr\u0105 odporno\u015bci\u0105 na dzia\u0142anie warunk\u00f3w atmosferycznych, promieniowania UV, tlenu. Temperatura robocza: -40\u00b0C\/+90\u00b0C G\u0119sto\u015b\u0107: 120 \u00b1 15 kg\/m\u00b3 Wyd\u0142u\u017cenie wzgl\u0119dne: &gt; 120 % Wytrzyma\u0142o\u015b\u0107 na rozci\u0105ganie: 500 KN Odporno\u015b\u0107 na absorpcj\u0119 wody: &lt; 3 % &lt; 10 % [&hellip;]<\/p>\n","protected":false},"featured_media":3049,"template":"","meta":[],"product_brand":[],"product_cat":[224],"product_tag":[],"class_list":{"0":"post-5465","1":"product","2":"type-product","3":"status-publish","4":"has-post-thumbnail","6":"product_cat-plyty-gumowe","8":"first","9":"instock","10":"shipping-taxable","11":"product-type-simple"},"_links":{"self":[{"href":"https:\/\/www.agoma.lt\/pl\/wp-json\/wp\/v2\/product\/5465","targetHints":{"allow":["GET"]}}],"collection":[{"href":"https:\/\/www.agoma.lt\/pl\/wp-json\/wp\/v2\/product"}],"about":[{"href":"https:\/\/www.agoma.lt\/pl\/wp-json\/wp\/v2\/types\/product"}],"wp:featuredmedia":[{"embeddable":true,"href":"https:\/\/www.agoma.lt\/pl\/wp-json\/wp\/v2\/media\/3049"}],"wp:attachment":[{"href":"https:\/\/www.agoma.lt\/pl\/wp-json\/wp\/v2\/media?parent=5465"}],"wp:term":[{"taxonomy":"product_brand","embeddable":true,"href":"https:\/\/www.agoma.lt\/pl\/wp-json\/wp\/v2\/product_brand?post=5465"},{"taxonomy":"product_cat","embeddable":true,"href":"https:\/\/www.agoma.lt\/pl\/wp-json\/wp\/v2\/product_cat?post=5465"},{"taxonomy":"product_tag","embeddable":true,"href":"https:\/\/www.agoma.lt\/pl\/wp-json\/wp\/v2\/product_tag?post=5465"}],"curies":[{"name":"wp","href":"https:\/\/api.w.org\/{rel}","templated":true}]}}